{"id":248,"date":"2022-07-04T16:56:36","date_gmt":"2022-07-04T16:56:36","guid":{"rendered":"http:\/\/new.hotel-kronenthal.de\/?page_id=248"},"modified":"2022-09-01T09:36:47","modified_gmt":"2022-09-01T09:36:47","slug":"zimmer","status":"publish","type":"page","link":"https:\/\/hotel-kronenthal.de\/en\/zimmer\/","title":{"rendered":"rooms"},"content":{"rendered":"<div id=\"pl-248\"  class=\"panel-layout\" ><div id=\"pg-248-0\"  class=\"panel-grid panel-no-style\" ><div id=\"pgc-248-0-0\"  class=\"panel-grid-cell\" ><div id=\"panel-248-0-0-0\" class=\"so-panel widget widget_sow-editor panel-first-child panel-last-child\" data-index=\"0\" ><div class=\"panel-widget-style panel-widget-style-for-248-0-0-0\" ><div\n\t\t\t\n\t\t\tclass=\"so-widget-sow-editor so-widget-sow-editor-base\"\n\t\t\t\n\t\t>\n<div class=\"siteorigin-widget-tinymce textwidget\">\n\t<h3 style=\"text-align: center;\">Homely ambience and comfortable rooms in your Hotel Haus Kronenthal<\/h3>\n<p style=\"text-align: center;\">Feel comfortable in our 30 classically and comfortably furnished non-smoking rooms:<\/p>\n<p style=\"text-align: center;\">12 single rooms<\/p>\n<p style=\"text-align: center;\">14 double rooms<\/p>\n<p style=\"text-align: center;\">2 comfort double rooms<\/p>\n<p style=\"text-align: center;\">2 suites or family rooms<\/p>\n<p style=\"text-align: center;\">All rooms, mostly on the garden side, have a shower or bath, some bathrooms have a window, make-up mirror and hairdryer, direct dial telephone, 32-inch flat screen, free high-speed WiFi and soundproof doors with transponder locking system.<\/p>\n<p style=\"text-align: center;\">Our rooms on the first and second floor can of course be reached via an elevator.<\/p>\n<\/div>\n<\/div><\/div><\/div><\/div><\/div><div id=\"pg-248-1\"  class=\"panel-grid panel-has-style\" ><div class=\"siteorigin-panels-stretch panel-row-style panel-row-style-for-248-1\" id=\"book\" data-stretch-type=\"full-stretched\" ><div id=\"pgc-248-1-0\"  class=\"panel-grid-cell\" ><div id=\"panel-248-1-0-0\" class=\"widget_text so-panel widget widget_custom_html panel-first-child panel-last-child\" data-index=\"1\" ><div class=\"textwidget custom-html-widget\"><div id=\"d21-quickbook\" data-d21= \"{'hasHorizontalOrientation':true}\"><\/div><\/div><\/div><\/div><\/div><\/div><div id=\"pg-248-2\"  class=\"panel-grid panel-no-style\" ><div id=\"pgc-248-2-0\"  class=\"panel-grid-cell panel-grid-cell-empty\" ><\/div><\/div><div id=\"pg-248-3\"  class=\"panel-grid panel-has-style\" ><div class=\"panel-row-style panel-row-style-for-248-3\" ><div id=\"pgc-248-3-0\"  class=\"panel-grid-cell\" ><div id=\"panel-248-3-0-0\" class=\"so-panel widget widget_sow-image panel-first-child panel-last-child\" data-index=\"2\" ><div\n\t\t\t\n\t\t\tclass=\"so-widget-sow-image so-widget-sow-image-default-4e6925654b7a-248\"\n\t\t\t\n\t\t>\n<div class=\"sow-image-container\">\n\t\t<img \n\tsrc=\"https:\/\/hotel-kronenthal.de\/wp-content\/uploads\/2022\/07\/Haus-Kronenthal-0317_223.jpg\" width=\"1699\" height=\"1123\" srcset=\"https:\/\/hotel-kronenthal.de\/wp-content\/uploads\/2022\/07\/Haus-Kronenthal-0317_223.jpg 1699w, https:\/\/hotel-kronenthal.de\/wp-content\/uploads\/2022\/07\/Haus-Kronenthal-0317_223-300x198.jpg 300w, https:\/\/hotel-kronenthal.de\/wp-content\/uploads\/2022\/07\/Haus-Kronenthal-0317_223-1024x677.jpg 1024w, https:\/\/hotel-kronenthal.de\/wp-content\/uploads\/2022\/07\/Haus-Kronenthal-0317_223-768x508.jpg 768w, https:\/\/hotel-kronenthal.de\/wp-content\/uploads\/2022\/07\/Haus-Kronenthal-0317_223-1536x1015.jpg 1536w\" sizes=\"(max-width: 1699px) 100vw, 1699px\" title=\"Hotel Haus Kronenthal\" alt=\"\" \t\tclass=\"so-widget-image\"\/>\n\t<\/div>\n\n<\/div><\/div><\/div><div id=\"pgc-248-3-1\"  class=\"panel-grid-cell\" ><div id=\"panel-248-3-1-0\" class=\"so-panel widget widget_sow-editor panel-first-child\" data-index=\"3\" ><div\n\t\t\t\n\t\t\tclass=\"so-widget-sow-editor so-widget-sow-editor-base\"\n\t\t\t\n\t\t>\n<div class=\"siteorigin-widget-tinymce textwidget\">\n\t<h1><span style=\"color: #ffffff;\">SINGLE ROOM<\/span><\/h1>\n<h5><span style=\"color: #ffffff;\">Our single rooms have a single bed 90\/100 x 200, extra-long beds 90 x 220 are also available on request. LCD TV, free WiFi, smoke detectors, soundproof windows and doors, large desk, shower or bathtub.<\/span><\/h5>\n<\/div>\n<\/div><\/div><div id=\"panel-248-3-1-1\" class=\"so-panel widget widget_sow-button panel-last-child\" data-index=\"4\" ><div\n\t\t\t\n\t\t\tclass=\"so-widget-sow-button so-widget-sow-button-flat-ecc7393fede4-248\"\n\t\t\t\n\t\t><div class=\"ow-button-base ow-button-align-left\"\n>\n\t\t\t<a\n\t\t\t\t\thref=\"https:\/\/hotel-kronenthal.de\/en\/jetzt-buchen\/\"\n\t\t\t\t\tclass=\"sowb-button ow-icon-placement-left ow-button-hover\" target=\"_blank\" rel=\"noopener noreferrer\" \t>\n\t\t<span>\n\t\t\t<span class=\"sow-icon-ionicons\" data-sow-icon=\"&#xf375;\"\n\t\tstyle=\"\" \n\t\taria-hidden=\"true\"><\/span>\n\t\t\tbook now\t\t<\/span>\n\t\t\t<\/a>\n\t<\/div>\n<\/div><\/div><\/div><\/div><\/div><div id=\"pg-248-4\"  class=\"panel-grid panel-has-style\" ><div class=\"panel-row-style panel-row-style-for-248-4\" ><div id=\"pgc-248-4-0\"  class=\"panel-grid-cell\" ><div id=\"panel-248-4-0-0\" class=\"so-panel widget widget_sow-editor panel-first-child\" data-index=\"5\" ><div\n\t\t\t\n\t\t\tclass=\"so-widget-sow-editor so-widget-sow-editor-base\"\n\t\t\t\n\t\t>\n<div class=\"siteorigin-widget-tinymce textwidget\">\n\t<h1><span style=\"color: #ffffff;\">DOUBLE ROOM<\/span><\/h1>\n<h5><span style=\"color: #ffffff;\">Our double rooms have two beds together 2 x 90 x 200, also available with single beds (TWIN) on request, LCD TV, free WiFi, smoke detector, soundproof windows and doors, large desk, shower, baby bed available on request.<\/span><\/h5>\n<\/div>\n<\/div><\/div><div id=\"panel-248-4-0-1\" class=\"so-panel widget widget_sow-button panel-last-child\" data-index=\"6\" ><div\n\t\t\t\n\t\t\tclass=\"so-widget-sow-button so-widget-sow-button-flat-ecc7393fede4-248\"\n\t\t\t\n\t\t><div class=\"ow-button-base ow-button-align-left\"\n>\n\t\t\t<a\n\t\t\t\t\thref=\"https:\/\/hotel-kronenthal.de\/en\/jetzt-buchen\/\"\n\t\t\t\t\tclass=\"sowb-button ow-icon-placement-left ow-button-hover\" target=\"_blank\" rel=\"noopener noreferrer\" \t>\n\t\t<span>\n\t\t\t<span class=\"sow-icon-ionicons\" data-sow-icon=\"&#xf375;\"\n\t\tstyle=\"\" \n\t\taria-hidden=\"true\"><\/span>\n\t\t\tbook now\t\t<\/span>\n\t\t\t<\/a>\n\t<\/div>\n<\/div><\/div><\/div><div id=\"pgc-248-4-1\"  class=\"panel-grid-cell\" ><div id=\"panel-248-4-1-0\" class=\"so-panel widget widget_sow-image panel-first-child panel-last-child\" data-index=\"7\" ><div\n\t\t\t\n\t\t\tclass=\"so-widget-sow-image so-widget-sow-image-default-4e6925654b7a-248\"\n\t\t\t\n\t\t>\n<div class=\"sow-image-container\">\n\t\t<img \n\tsrc=\"https:\/\/hotel-kronenthal.de\/wp-content\/uploads\/2022\/07\/Haus-Kronenthal-0317_044.jpg\" width=\"1686\" height=\"1154\" srcset=\"https:\/\/hotel-kronenthal.de\/wp-content\/uploads\/2022\/07\/Haus-Kronenthal-0317_044.jpg 1686w, https:\/\/hotel-kronenthal.de\/wp-content\/uploads\/2022\/07\/Haus-Kronenthal-0317_044-300x205.jpg 300w, https:\/\/hotel-kronenthal.de\/wp-content\/uploads\/2022\/07\/Haus-Kronenthal-0317_044-1024x701.jpg 1024w, https:\/\/hotel-kronenthal.de\/wp-content\/uploads\/2022\/07\/Haus-Kronenthal-0317_044-768x526.jpg 768w, https:\/\/hotel-kronenthal.de\/wp-content\/uploads\/2022\/07\/Haus-Kronenthal-0317_044-1536x1051.jpg 1536w\" sizes=\"(max-width: 1686px) 100vw, 1686px\" title=\"Hotel Haus Kronenthal\" alt=\"\" \t\tclass=\"so-widget-image\"\/>\n\t<\/div>\n\n<\/div><\/div><\/div><\/div><\/div><div id=\"pg-248-5\"  class=\"panel-grid panel-has-style\" ><div class=\"panel-row-style panel-row-style-for-248-5\" ><div id=\"pgc-248-5-0\"  class=\"panel-grid-cell\" ><div id=\"panel-248-5-0-0\" class=\"so-panel widget widget_sow-image panel-first-child panel-last-child\" data-index=\"8\" ><div\n\t\t\t\n\t\t\tclass=\"so-widget-sow-image so-widget-sow-image-default-4e6925654b7a-248\"\n\t\t\t\n\t\t>\n<div class=\"sow-image-container\">\n\t\t<img \n\tsrc=\"https:\/\/hotel-kronenthal.de\/wp-content\/uploads\/2022\/07\/Haus-Kronenthal-0317_008.jpg\" width=\"1672\" height=\"1073\" srcset=\"https:\/\/hotel-kronenthal.de\/wp-content\/uploads\/2022\/07\/Haus-Kronenthal-0317_008.jpg 1672w, https:\/\/hotel-kronenthal.de\/wp-content\/uploads\/2022\/07\/Haus-Kronenthal-0317_008-300x193.jpg 300w, https:\/\/hotel-kronenthal.de\/wp-content\/uploads\/2022\/07\/Haus-Kronenthal-0317_008-1024x657.jpg 1024w, https:\/\/hotel-kronenthal.de\/wp-content\/uploads\/2022\/07\/Haus-Kronenthal-0317_008-768x493.jpg 768w, https:\/\/hotel-kronenthal.de\/wp-content\/uploads\/2022\/07\/Haus-Kronenthal-0317_008-1536x986.jpg 1536w\" sizes=\"(max-width: 1672px) 100vw, 1672px\" title=\"Hotel Haus Kronenthal\" alt=\"\" \t\tclass=\"so-widget-image\"\/>\n\t<\/div>\n\n<\/div><\/div><\/div><div id=\"pgc-248-5-1\"  class=\"panel-grid-cell\" ><div id=\"panel-248-5-1-0\" class=\"so-panel widget widget_sow-editor panel-first-child\" data-index=\"9\" ><div\n\t\t\t\n\t\t\tclass=\"so-widget-sow-editor so-widget-sow-editor-base\"\n\t\t\t\n\t\t>\n<div class=\"siteorigin-widget-tinymce textwidget\">\n\t<h1><span style=\"color: #ffffff;\">COMFORT DOUBLE ROOM<\/span><\/h1>\n<h5><span style=\"color: #ffffff;\">Our large comfort double rooms are very quiet with a view of the garden, have two beds 2 x 90 x 200 placed together, also available with single beds (TWIN) on request. LCD TV, free WiFi, smoke detector, soundproof windows and doors, large desk, bathroom with shower and bathtub, comfortable armchairs, extra bed possible for up to 2 adults and 2 children, baby bed available on request.<\/span><\/h5>\n<\/div>\n<\/div><\/div><div id=\"panel-248-5-1-1\" class=\"so-panel widget widget_sow-button panel-last-child\" data-index=\"10\" ><div\n\t\t\t\n\t\t\tclass=\"so-widget-sow-button so-widget-sow-button-flat-ecc7393fede4-248\"\n\t\t\t\n\t\t><div class=\"ow-button-base ow-button-align-left\"\n>\n\t\t\t<a\n\t\t\t\t\thref=\"https:\/\/hotel-kronenthal.de\/en\/jetzt-buchen\/\"\n\t\t\t\t\tclass=\"sowb-button ow-icon-placement-left ow-button-hover\" target=\"_blank\" rel=\"noopener noreferrer\" \t>\n\t\t<span>\n\t\t\t<span class=\"sow-icon-ionicons\" data-sow-icon=\"&#xf375;\"\n\t\tstyle=\"\" \n\t\taria-hidden=\"true\"><\/span>\n\t\t\tbook now\t\t<\/span>\n\t\t\t<\/a>\n\t<\/div>\n<\/div><\/div><\/div><\/div><\/div><div id=\"pg-248-6\"  class=\"panel-grid panel-has-style\" ><div class=\"panel-row-style panel-row-style-for-248-6\" ><div id=\"pgc-248-6-0\"  class=\"panel-grid-cell\" ><div id=\"panel-248-6-0-0\" class=\"so-panel widget widget_sow-editor panel-first-child\" data-index=\"11\" ><div\n\t\t\t\n\t\t\tclass=\"so-widget-sow-editor so-widget-sow-editor-base\"\n\t\t\t\n\t\t>\n<div class=\"siteorigin-widget-tinymce textwidget\">\n\t<h1><span style=\"color: #ffffff;\">SUITE<\/span><\/h1>\n<h5><span style=\"color: #ffffff;\">Our suites are very quiet with a view of the garden, some have a balcony, bathroom with shower and consist of two rooms: The bedroom has two beds 2 x 90 x 200 placed together, also available with single beds (TWIN) on request, LCD TV, free WiFi, large desk, soundproof windows and doors, smoke detectors. The living room has a large LCD TV, a comfortable couch, extra bed possible for up to 2 adults and 2 children, baby bed available on request.<\/span><\/h5>\n<\/div>\n<\/div><\/div><div id=\"panel-248-6-0-1\" class=\"so-panel widget widget_sow-button panel-last-child\" data-index=\"12\" ><div\n\t\t\t\n\t\t\tclass=\"so-widget-sow-button so-widget-sow-button-flat-ecc7393fede4-248\"\n\t\t\t\n\t\t><div class=\"ow-button-base ow-button-align-left\"\n>\n\t\t\t<a\n\t\t\t\t\thref=\"https:\/\/hotel-kronenthal.de\/en\/jetzt-buchen\/\"\n\t\t\t\t\tclass=\"sowb-button ow-icon-placement-left ow-button-hover\" target=\"_blank\" rel=\"noopener noreferrer\" \t>\n\t\t<span>\n\t\t\t<span class=\"sow-icon-ionicons\" data-sow-icon=\"&#xf375;\"\n\t\tstyle=\"\" \n\t\taria-hidden=\"true\"><\/span>\n\t\t\tbook now\t\t<\/span>\n\t\t\t<\/a>\n\t<\/div>\n<\/div><\/div><\/div><div id=\"pgc-248-6-1\"  class=\"panel-grid-cell\" ><div id=\"panel-248-6-1-0\" class=\"so-panel widget widget_sow-image panel-first-child panel-last-child\" data-index=\"13\" ><div\n\t\t\t\n\t\t\tclass=\"so-widget-sow-image so-widget-sow-image-default-4e6925654b7a-248\"\n\t\t\t\n\t\t>\n<div class=\"sow-image-container\">\n\t\t<img \n\tsrc=\"https:\/\/hotel-kronenthal.de\/wp-content\/uploads\/2022\/07\/Haus-Kronenthal-0317_194.jpg\" width=\"1724\" height=\"1054\" srcset=\"https:\/\/hotel-kronenthal.de\/wp-content\/uploads\/2022\/07\/Haus-Kronenthal-0317_194.jpg 1724w, https:\/\/hotel-kronenthal.de\/wp-content\/uploads\/2022\/07\/Haus-Kronenthal-0317_194-300x183.jpg 300w, https:\/\/hotel-kronenthal.de\/wp-content\/uploads\/2022\/07\/Haus-Kronenthal-0317_194-1024x626.jpg 1024w, https:\/\/hotel-kronenthal.de\/wp-content\/uploads\/2022\/07\/Haus-Kronenthal-0317_194-768x470.jpg 768w, https:\/\/hotel-kronenthal.de\/wp-content\/uploads\/2022\/07\/Haus-Kronenthal-0317_194-1536x939.jpg 1536w\" sizes=\"(max-width: 1724px) 100vw, 1724px\" title=\"Hotel Haus Kronenthal\" alt=\"\" \t\tclass=\"so-widget-image\"\/>\n\t<\/div>\n\n<\/div><\/div><\/div><\/div><\/div><\/div>","protected":false},"excerpt":{"rendered":"<p>Wohnliches Ambiente und behagliche Zimmer in Ihrem Hotel Haus Kronenthal F\u00fchlen Sie sich wohl in unseren 30 klassisch und gem\u00fctlich eingerichteten Nichtraucherzimmern: 12 Einzelzimmer 14 Doppelzimmer 2 Doppelzimmer Komfort 2 Suiten bzw. Familienzimmer Alle Zimmer, \u00fcberwiegend zur Gartenseite gelegen, verf\u00fcgen \u00fcber Dusche oder Badewanne, Badezimmer teilweise mit Fenster, Kosmetikspiegel und F\u00f6hn, Direktwahltelefon, Flatscreen 32 Zoll, [&hellip;]<\/p>\n","protected":false},"author":1,"featured_media":0,"parent":0,"menu_order":0,"comment_status":"closed","ping_status":"closed","template":"","meta":{"footnotes":""},"class_list":["post-248","page","type-page","status-publish","hentry","post"],"_links":{"self":[{"href":"https:\/\/hotel-kronenthal.de\/en\/wp-json\/wp\/v2\/pages\/248"}],"collection":[{"href":"https:\/\/hotel-kronenthal.de\/en\/wp-json\/wp\/v2\/pages"}],"about":[{"href":"https:\/\/hotel-kronenthal.de\/en\/wp-json\/wp\/v2\/types\/page"}],"author":[{"embeddable":true,"href":"https:\/\/hotel-kronenthal.de\/en\/wp-json\/wp\/v2\/users\/1"}],"replies":[{"embeddable":true,"href":"https:\/\/hotel-kronenthal.de\/en\/wp-json\/wp\/v2\/comments?post=248"}],"version-history":[{"count":99,"href":"https:\/\/hotel-kronenthal.de\/en\/wp-json\/wp\/v2\/pages\/248\/revisions"}],"predecessor-version":[{"id":483,"href":"https:\/\/hotel-kronenthal.de\/en\/wp-json\/wp\/v2\/pages\/248\/revisions\/483"}],"wp:attachment":[{"href":"https:\/\/hotel-kronenthal.de\/en\/wp-json\/wp\/v2\/media?parent=248"}],"curies":[{"name":"wp","href":"https:\/\/api.w.org\/{rel}","templated":true}]}}